{"id":570,"date":"2025-03-04T17:01:29","date_gmt":"2025-03-04T17:01:29","guid":{"rendered":"https:\/\/stg.arillasvillas.gr\/home-page\/"},"modified":"2025-03-11T16:46:10","modified_gmt":"2025-03-11T16:46:10","slug":"home-page","status":"publish","type":"page","link":"https:\/\/arillasvillas.gr\/de\/","title":{"rendered":"Home Page"},"content":{"rendered":"\n<figure class=\"wp-block-gallery has-nested-images columns-default is-cropped wp-block-gallery-1 is-layout-flex wp-block-gallery-is-layout-flex\">\n<figure class=\"wp-block-image size-large\"><img loading=\"lazy\" decoding=\"async\" width=\"666\" height=\"500\" data-id=\"525\" src=\"https:\/\/stg.arillasvillas.gr\/wp-content\/uploads\/2025\/03\/6.jpg\" alt=\"\" class=\"wp-image-525\" srcset=\"https:\/\/arillasvillas.gr\/wp-content\/uploads\/2025\/03\/6.jpg 666w, https:\/\/arillasvillas.gr\/wp-content\/uploads\/2025\/03\/6-300x225.jpg 300w\" sizes=\"auto, (max-width: 666px) 100vw, 666px\" \/><\/figure>\n\n\n\n<figure class=\"wp-block-image size-large\"><img loading=\"lazy\" decoding=\"async\" width=\"666\" height=\"500\" data-id=\"522\" src=\"https:\/\/stg.arillasvillas.gr\/wp-content\/uploads\/2025\/03\/5.jpg\" alt=\"\" class=\"wp-image-522\" srcset=\"https:\/\/arillasvillas.gr\/wp-content\/uploads\/2025\/03\/5.jpg 666w, https:\/\/arillasvillas.gr\/wp-content\/uploads\/2025\/03\/5-300x225.jpg 300w\" sizes=\"auto, (max-width: 666px) 100vw, 666px\" \/><\/figure>\n\n\n\n<figure class=\"wp-block-image size-large\"><img loading=\"lazy\" decoding=\"async\" width=\"666\" height=\"500\" data-id=\"519\" src=\"https:\/\/stg.arillasvillas.gr\/wp-content\/uploads\/2025\/03\/4.jpg\" alt=\"\" class=\"wp-image-519\" srcset=\"https:\/\/arillasvillas.gr\/wp-content\/uploads\/2025\/03\/4.jpg 666w, https:\/\/arillasvillas.gr\/wp-content\/uploads\/2025\/03\/4-300x225.jpg 300w\" sizes=\"auto, (max-width: 666px) 100vw, 666px\" \/><\/figure>\n\n\n\n<figure class=\"wp-block-image size-large\"><img loading=\"lazy\" decoding=\"async\" width=\"666\" height=\"500\" data-id=\"516\" src=\"https:\/\/stg.arillasvillas.gr\/wp-content\/uploads\/2025\/03\/3.jpg\" alt=\"\" class=\"wp-image-516\" srcset=\"https:\/\/arillasvillas.gr\/wp-content\/uploads\/2025\/03\/3.jpg 666w, https:\/\/arillasvillas.gr\/wp-content\/uploads\/2025\/03\/3-300x225.jpg 300w\" sizes=\"auto, (max-width: 666px) 100vw, 666px\" \/><\/figure>\n\n\n\n<figure class=\"wp-block-image size-large\"><img loading=\"lazy\" decoding=\"async\" width=\"666\" height=\"500\" data-id=\"513\" src=\"https:\/\/stg.arillasvillas.gr\/wp-content\/uploads\/2025\/03\/2.jpg\" alt=\"\" class=\"wp-image-513\" srcset=\"https:\/\/arillasvillas.gr\/wp-content\/uploads\/2025\/03\/2.jpg 666w, https:\/\/arillasvillas.gr\/wp-content\/uploads\/2025\/03\/2-300x225.jpg 300w\" sizes=\"auto, (max-width: 666px) 100vw, 666px\" \/><\/figure>\n\n\n\n<figure class=\"wp-block-image size-large\"><img loading=\"lazy\" decoding=\"async\" width=\"666\" height=\"500\" data-id=\"510\" src=\"https:\/\/stg.arillasvillas.gr\/wp-content\/uploads\/2025\/03\/1.jpg\" alt=\"\" class=\"wp-image-510\" srcset=\"https:\/\/arillasvillas.gr\/wp-content\/uploads\/2025\/03\/1.jpg 666w, https:\/\/arillasvillas.gr\/wp-content\/uploads\/2025\/03\/1-300x225.jpg 300w\" sizes=\"auto, (max-width: 666px) 100vw, 666px\" \/><\/figure>\n<\/figure>\n\n\n<section class=\"container py-5 leadsection\">\n\t<div class=\"row align-items-center\">\n\t\t\t\t\t\t<div class=\"col-md-6 order-md-2\">\n\t\t\t\t\t\t\t\t<img decoding=\"async\" src=\"https:\/\/arillasvillas.gr\/wp-content\/uploads\/2025\/03\/20241012_105311.jpg\" class=\"img-fluid leadimage\" alt=\"Renovated home\">\n\t\t\t<\/div>\n\t\t\t<div class=\"col-md-6 order-md-1\">\n\t\t\t\t<h2 class=\"display-4\">Willkommen in den Arillas Villas<\/h2>\n\t\t\t\t<p><strong data-start=\"48\" data-end=\"105\">Arillas Villas \u2013 Ein luxuri\u00f6ser R\u00fcckzugsort auf Korfu<\/strong><\/p>\n<p>Im Herzen von Arillas auf Korfu bieten die Arillas Villas ein einzigartiges und luxuri\u00f6ses Urlaubserlebnis f\u00fcr Reisende, die Komfort, Privatsph\u00e4re und atemberaubende Natursch\u00f6nheit suchen. Diese beeindruckenden Villen verbinden moderne Eleganz mit traditionellem griechischem Charme und sind damit die perfekte Wahl f\u00fcr Familien, Paare und Freundesgruppen, die das Beste von Korfu genie\u00dfen m\u00f6chten.<\/p>\n<p>Mit gro\u00dfz\u00fcgigen Innenr\u00e4umen, voll ausgestatteten K\u00fcchen, privaten G\u00e4rten und panoramischen Terrassen sind die Villen so konzipiert, dass sie eine Atmosph\u00e4re der Entspannung und des Luxus schaffen. G\u00e4ste k\u00f6nnen die atemberaubende Aussicht auf das Ionische Meer, die \u00fcppigen gr\u00fcnen Landschaften und die spektakul\u00e4ren Sonnenunterg\u00e4nge genie\u00dfen \u2013 alles aus der Privatsph\u00e4re ihres eigenen R\u00fcckzugsortes.<\/p>\n<p>Die Villen befinden sich in unmittelbarer N\u00e4he zum Strand von Arillas und zu bedeutenden Sehensw\u00fcrdigkeiten, sodass G\u00e4ste einige der sch\u00f6nsten K\u00fcsten und kulturellen Highlights Korfus bequem erreichen k\u00f6nnen. Ob Sie in kristallklarem Wasser schwimmen, auf malerischen Wanderwegen spazieren, das traditionelle Dorf Afionas erkunden oder lokal gebrautes Craft-Bier in der Corfu Microbrewery probieren m\u00f6chten \u2013 die Arillas Villas bringen Sie mitten ins Herz von Korfu.<\/p>\n<p>Mit kostenlosem Parkplatz, modernen Annehmlichkeiten und einer friedlichen Atmosph\u00e4re sind diese Villen der ideale Ort f\u00fcr eine luxuri\u00f6se, aber authentische Erfahrung auf einer griechischen Insel. Egal, ob Sie am Meer entspannen, versteckte Str\u00e4nde erkunden oder die lokale K\u00fcche in traditionellen Tavernen genie\u00dfen m\u00f6chten \u2013 die Arillas Villas sind die perfekte Basis f\u00fcr einen unvergesslichen Urlaub auf Korfu.<\/p>\n<p>&nbsp;<\/p>\n\n\n\t\t\t\t\t\t\t\t\t<p class=\"lead text-center\">\n\t\t\t\t\t\t<a href=\"https:\/\/stg.arillasvillas.gr\/de\/about-arillas\/\" class=\"btn \">\u00dcber Arillas<\/a>\n\t\t\t\t\t<\/p>\n\t\t\t\t\t\t\t<\/div>\n\t\t<\/div>\n\t<\/section>\n\n\n<section class=\"container py-5 leadsection\">\n\t<div class=\"row align-items-center\">\n\t\t\t\t\t<div class=\"col-md-6 order-md-1\">\n\t\t\t\t\t\t\t<img decoding=\"async\" src=\"https:\/\/arillasvillas.gr\/wp-content\/uploads\/2025\/03\/IMG_20240813_212140_494.jpg\" class=\"img-fluid leadimage\" alt=\"Renovated home\">\n\t\t\t<\/div>\n\t\t\t<div class=\"col-md-6 order-md-1\">\n\t\t\t\t<h2 class=\"display-4\">Villa Dinos \u2013 Komfort &#038; Eleganz mit atemberaubender Aussicht<\/h2>\n\t\t\t\t<p>Die Villa Dinos ist ein stilvoll gestalteter R\u00fcckzugsort in der ruhigen Gegend von Arillas Mavroulades und bietet eine ger\u00e4umige und luxuri\u00f6se Unterkunft f\u00fcr bis zu 7 G\u00e4ste. Mit drei eleganten Schlafzimmern und 3,5 Badezimmern kombiniert diese Villa modernen Komfort mit traditioneller korfiotischer Architektur.<\/p>\n<p>Die voll ausgestattete K\u00fcche, das stilvolle Wohnzimmer und der gro\u00dfe Essbereich machen sie zum perfekten Aufenthaltsort f\u00fcr Familien oder Freundesgruppen.<\/p>\n<p>Treten Sie nach drau\u00dfen und genie\u00dfen Sie den privaten Garten und die sonnenverw\u00f6hnte Terrasse, ideal zum Entspannen und Bewundern der beeindruckenden Landschaft.<\/p>\n<p>Die Villa Dinos liegt nur 1 km vom Strand von Arillas entfernt und nahe Agios Stefanos, was sie zu einem ruhigen R\u00fcckzugsort mit einfachem Zugang zu den sch\u00f6nsten Orten Korfus macht.<\/p>\n\n\n\t\t\t\t\t\t\t\t\t<p class=\"lead text-center\">\n\t\t\t\t\t\t<a href=\"https:\/\/stg.arillasvillas.gr\/de\/villa-dinos\/\" class=\"btn \">Villa Dinos<\/a>\n\t\t\t\t\t<\/p>\n\t\t\t\t\t\t\t<\/div>\n\t\t<\/div>\n\t<\/section>\n\n\n<section class=\"container py-5 leadsection\">\n\t<div class=\"row align-items-center\">\n\t\t\t\t\t\t<div class=\"col-md-6 order-md-2\">\n\t\t\t\t\t\t\t\t<img decoding=\"async\" src=\"https:\/\/arillasvillas.gr\/wp-content\/uploads\/2025\/03\/2.jpg\" class=\"img-fluid leadimage\" alt=\"Renovated home\">\n\t\t\t<\/div>\n\t\t\t<div class=\"col-md-6 order-md-1\">\n\t\t\t\t<h2 class=\"display-4\">Villa Marilou \u2013 Ein luxuri\u00f6ses Paradies in Strandn\u00e4he<\/h2>\n\t\t\t\t<p>F\u00fcr diejenigen, die eine ruhige und zugleich stilvolle Unterkunft suchen, bietet die Villa Marilou eine luxuri\u00f6se Atmosph\u00e4re mit raffinierter Eleganz und maximaler Entspannung.<\/p>\n<p>Mit drei gro\u00dfz\u00fcgigen Schlafzimmern, 3,5 Badezimmern und hochwertigen Annehmlichkeiten ist diese Villa so gestaltet, dass sie alle Ihre Bed\u00fcrfnisse erf\u00fcllt.<\/p>\n<p>Der offene Wohnbereich, die moderne K\u00fcche und die privaten Balkone schaffen eine einladende Atmosph\u00e4re, w\u00e4hrend der gr\u00fcne Garten und die sonnenverw\u00f6hnte Terrasse die perfekte Kulisse f\u00fcr Mahlzeiten im Freien und entspannte Stunden unter dem mediterranen Himmel bieten.<\/p>\n<p>Die Villa Marilou liegt nur 1 km vom Strand von Arillas entfernt und ist damit eine hervorragende Wahl f\u00fcr G\u00e4ste, die Korfus Natursch\u00f6nheit erleben m\u00f6chten, ohne auf luxuri\u00f6sen Komfort zu verzichten.<\/p>\n<p>Egal, ob Sie Abenteuer oder Ruhe suchen \u2013 diese Villa verspricht einen unvergesslichen Aufenthalt auf der Insel.<\/p>\n\n\n\t\t\t\t\t\t\t\t\t<p class=\"lead text-center\">\n\t\t\t\t\t\t<a href=\"https:\/\/stg.arillasvillas.gr\/de\/villa-marilou\/\" class=\"btn \">Villa Marilou<\/a>\n\t\t\t\t\t<\/p>\n\t\t\t\t\t\t\t<\/div>\n\t\t<\/div>\n\t<\/section>\n","protected":false},"excerpt":{"rendered":"","protected":false},"author":1,"featured_media":0,"parent":0,"menu_order":0,"comment_status":"closed","ping_status":"closed","template":"","meta":{"_acf_changed":false,"footnotes":""},"class_list":["post-570","page","type-page","status-publish","hentry"],"acf":[],"_links":{"self":[{"href":"https:\/\/arillasvillas.gr\/de\/wp-json\/wp\/v2\/pages\/570","targetHints":{"allow":["GET"]}}],"collection":[{"href":"https:\/\/arillasvillas.gr\/de\/wp-json\/wp\/v2\/pages"}],"about":[{"href":"https:\/\/arillasvillas.gr\/de\/wp-json\/wp\/v2\/types\/page"}],"author":[{"embeddable":true,"href":"https:\/\/arillasvillas.gr\/de\/wp-json\/wp\/v2\/users\/1"}],"replies":[{"embeddable":true,"href":"https:\/\/arillasvillas.gr\/de\/wp-json\/wp\/v2\/comments?post=570"}],"version-history":[{"count":1,"href":"https:\/\/arillasvillas.gr\/de\/wp-json\/wp\/v2\/pages\/570\/revisions"}],"predecessor-version":[{"id":580,"href":"https:\/\/arillasvillas.gr\/de\/wp-json\/wp\/v2\/pages\/570\/revisions\/580"}],"wp:attachment":[{"href":"https:\/\/arillasvillas.gr\/de\/wp-json\/wp\/v2\/media?parent=570"}],"curies":[{"name":"wp","href":"https:\/\/api.w.org\/{rel}","templated":true}]}}