{"id":544,"date":"2025-03-04T17:01:46","date_gmt":"2025-03-04T17:01:46","guid":{"rendered":"https:\/\/stg.arillasvillas.gr\/villa-dinos\/"},"modified":"2025-03-11T15:13:41","modified_gmt":"2025-03-11T15:13:41","slug":"villa-dinos","status":"publish","type":"page","link":"https:\/\/arillasvillas.gr\/de\/villa-dinos\/","title":{"rendered":"Villa Dinos"},"content":{"rendered":"<section class=\"hero\">\n    <div class=\"container-xl\">\n        <div class=\"row heroimage\">\n            <div class=\"col text-center\">\n                <img decoding=\"async\" \n                    src=\"https:\/\/arillasvillas.gr\/wp-content\/uploads\/2025\/03\/IMG_20240813_212140_494-1.jpg\"\n                    alt=\"\"\n                    class=\"img-fluid \"  \n                \/>\n            <\/div>\n        <\/div>\n        <div class=\"row herotitle\">\n            <div class=\"col-12 col-lg-7 text-start\">\n                <h1>\n                    Arillas Villas &#8211; Villa Dinos\n                <\/h1>\n            <\/div>\n            <div class=\"col-12 col-lg-5 d-flex align-items-end text-end  \">\n                <a href=\"https:\/\/www.facebook.com\/sharer\/sharer.php?u=\" target=\"_blank\" class=\"share_link \">\n                    <i class=\"bi-share\" ><\/i>\n                <\/a>\n            <\/div> \n        <\/div>\n    <\/div>\n<\/section>\n\n<section class=\"description\">\n    <div class=\"container-xl\">\n        <div class=\"row\">\n            <div class=\"col-12 col-lg-8\">\n                <div class=\"content\">\n                    <p>Die Arillas Villas Dinos befindet sich in Arillas (Magoulades), Korfu, und bietet einen komfortablen Aufenthalt in der N\u00e4he beliebter Str\u00e4nde und lokaler Attraktionen.\u200b<\/p>\n<p>Hauptmerkmale:<\/p>\n<ul>\n<li>Kapazit\u00e4t: Die Villa bietet Platz f\u00fcr bis zu 7 G\u00e4ste und verf\u00fcgt \u00fcber 3 ger\u00e4umige Schlafzimmer sowie 3,5 Badezimmer, um h\u00f6chsten Komfort und Privatsph\u00e4re zu gew\u00e4hrleisten.\u200b<\/li>\n<li>Ausstattung:<br \/>\nVoll ausgestattete K\u00fcche, ideal f\u00fcr die Zubereitung von Mahlzeiten.\u200b<br \/>\nKlimaanlage, Smart-TV und kostenloses WLAN.\u200b<br \/>\nPrivater Garten und Terrasse mit Stadtblick, die einen perfekten Raum zur Entspannung bieten.\u200b<\/li>\n<li>Lage:<br \/>\nDie Villa ist etwa 1 km vom Arillas-Strand entfernt, was einen einfachen Zugang zu kristallklarem Wasser und goldenem Sand erm\u00f6glicht.\u200b<br \/>\n1,9 km vom Agios Stefanos-Strand entfernt, eine gro\u00dfartige Alternative f\u00fcr Meeresliebhaber.\u200b<\/li>\n<li>Parken: Kostenlose Parkpl\u00e4tze sind verf\u00fcgbar, was es f\u00fcr G\u00e4ste, die mit dem Auto anreisen, bequem macht.<\/li>\n<\/ul>\n\n                <\/div>\n            <\/div>\n            <div class=\"col-12 col-lg-3 offset-lg-1\">\n                <div class=\"sidebar\">\n                    <button class=\"contactnowbtn\">\u0396\u03b7\u03c4\u03ae\u03c3\u03c4\u03b5 \u03c0\u03bb\u03b7\u03c1\u03bf\u03c6\u03bf\u03c1\u03af\u03b5\u03c2<\/button>                <\/div>\n            <\/div>\n        <\/div>\n    <\/div>\n<\/section>\n\n<section class=\"gallery\">\n\t<div class=\"container-fluid\">\n\t\t<div class=\"container-xxl\">\n\t\t\t<div class=\"row blockheading\">\n            <div class=\"col-12\">\n            <h3>\n                Villa Dinos\n            <\/h3>\n        <\/div>\n                <div class=\"col-12\">\n            <h5>\n                Vorschau\n            <\/h5>\n        <\/div>\n        <\/div>\t\t\t<div class=\"row\">\n\t\t\t\t\t\t\t\t\t<div class=\"col-12 col-sm-6 col-md-4 col-lg-3 sqimage\">\n\t\t\t\t\t\t<a href=\"https:\/\/arillasvillas.gr\/wp-content\/uploads\/2025\/03\/20241010_151756-1.jpg\" data-lightbox=\"images\" data-title=\"\">\n\t\t\t\t\t\t\t<img decoding=\"async\" src=\"https:\/\/arillasvillas.gr\/wp-content\/uploads\/2025\/03\/20241010_151756-1.jpg\" alt=\"\" class=\"img-thumbnail\">\n\t\t\t\t\t\t<\/a>\n\t\t\t\t\t<\/div>\n\t\t\t\t\t\t\t\t\t<div class=\"col-12 col-sm-6 col-md-4 col-lg-3 sqimage\">\n\t\t\t\t\t\t<a href=\"https:\/\/arillasvillas.gr\/wp-content\/uploads\/2025\/03\/20241010_151806-1.jpg\" data-lightbox=\"images\" data-title=\"\">\n\t\t\t\t\t\t\t<img decoding=\"async\" src=\"https:\/\/arillasvillas.gr\/wp-content\/uploads\/2025\/03\/20241010_151806-1.jpg\" alt=\"\" class=\"img-thumbnail\">\n\t\t\t\t\t\t<\/a>\n\t\t\t\t\t<\/div>\n\t\t\t\t\t\t\t\t\t<div class=\"col-12 col-sm-6 col-md-4 col-lg-3 sqimage\">\n\t\t\t\t\t\t<a href=\"https:\/\/arillasvillas.gr\/wp-content\/uploads\/2025\/03\/20241010_151833-1.jpg\" data-lightbox=\"images\" data-title=\"\">\n\t\t\t\t\t\t\t<img decoding=\"async\" src=\"https:\/\/arillasvillas.gr\/wp-content\/uploads\/2025\/03\/20241010_151833-1.jpg\" alt=\"\" class=\"img-thumbnail\">\n\t\t\t\t\t\t<\/a>\n\t\t\t\t\t<\/div>\n\t\t\t\t\t\t\t\t\t<div class=\"col-12 col-sm-6 col-md-4 col-lg-3 sqimage\">\n\t\t\t\t\t\t<a href=\"https:\/\/arillasvillas.gr\/wp-content\/uploads\/2025\/03\/20241010_151845-1.jpg\" data-lightbox=\"images\" data-title=\"\">\n\t\t\t\t\t\t\t<img decoding=\"async\" src=\"https:\/\/arillasvillas.gr\/wp-content\/uploads\/2025\/03\/20241010_151845-1.jpg\" alt=\"\" class=\"img-thumbnail\">\n\t\t\t\t\t\t<\/a>\n\t\t\t\t\t<\/div>\n\t\t\t\t\t\t\t\t\t<div class=\"col-12 col-sm-6 col-md-4 col-lg-3 sqimage\">\n\t\t\t\t\t\t<a href=\"https:\/\/arillasvillas.gr\/wp-content\/uploads\/2025\/03\/20241010_151901-1.jpg\" data-lightbox=\"images\" data-title=\"\">\n\t\t\t\t\t\t\t<img decoding=\"async\" src=\"https:\/\/arillasvillas.gr\/wp-content\/uploads\/2025\/03\/20241010_151901-1.jpg\" alt=\"\" class=\"img-thumbnail\">\n\t\t\t\t\t\t<\/a>\n\t\t\t\t\t<\/div>\n\t\t\t\t\t\t\t\t\t<div class=\"col-12 col-sm-6 col-md-4 col-lg-3 sqimage\">\n\t\t\t\t\t\t<a href=\"https:\/\/arillasvillas.gr\/wp-content\/uploads\/2025\/03\/20241010_153926-1.jpg\" data-lightbox=\"images\" data-title=\"\">\n\t\t\t\t\t\t\t<img decoding=\"async\" src=\"https:\/\/arillasvillas.gr\/wp-content\/uploads\/2025\/03\/20241010_153926-1.jpg\" alt=\"\" class=\"img-thumbnail\">\n\t\t\t\t\t\t<\/a>\n\t\t\t\t\t<\/div>\n\t\t\t\t\t\t\t<\/div>\n\t\t<\/div>\n\t<\/div>\n<\/section>\n\n\n<section class=\"description\">\n    <div class=\"container-xl\">\n        <div class=\"row\">\n            <div class=\"col-12 col-lg-8\">\n                <div class=\"content\">\n                    <h4><strong data-start=\"869\" data-end=\"927\">Arillas Villas Dinos \u2013 Luxuri\u00f6ser Aufenthalt auf Korfu<\/strong><\/h4>\n<p>Erleben Sie Komfort und Luxus in jedem Winkel!<\/p>\n<p>Willkommen in der Arillas Villas Dinos, einer luxuri\u00f6sen Residenz, die den perfekten Rahmen f\u00fcr einen unbeschwerten Urlaub auf Korfu bietet. Gelegen im ruhigen Gebiet von Arillas Mavroulades, nur 1 km vom atemberaubenden Arillas-Strand und in der N\u00e4he von Agios Stefanos entfernt, bietet diese Villa einen atemberaubenden Ausblick und totale Ruhe.\u200b<\/p>\n<ul>\n<li>Ger\u00e4umiges Wohnzimmer mit komfortablen Sofas und einem Smart-TV.\u200b<\/li>\n<li>Voll ausgestattete K\u00fcche mit modernen Ger\u00e4ten.\u200b<\/li>\n<li>Gro\u00dfer Essbereich f\u00fcr Mahlzeiten mit Familie oder Freunden.\u200b<\/li>\n<li>Private Balkone und Terrassen mit unbegrenzter Aussicht.\u200b<\/li>\n<\/ul>\n<p><span style=\"text-decoration: underline;\">Entspannung im Garten &amp; private Annehmlichkeiten:<\/span><\/p>\n<p>Die Au\u00dfenbereiche der Villa sind f\u00fcr ultimative Entspannung gestaltet. G\u00e4ste k\u00f6nnen den \u00fcppig gr\u00fcnen Garten genie\u00dfen, auf der Terrasse mit Blick auf die Stadt speisen oder einfach die Sonne genie\u00dfen.\u200b<\/p>\n<ul>\n<li>Privater Garten und gro\u00dfer Au\u00dfenbereich.\u200b<\/li>\n<li>Kostenloses WLAN und Klimaanlage in der gesamten Villa.\u200b<\/li>\n<li>Kostenlose Parkpl\u00e4tze f\u00fcr maximalen Komfort.\u200b<\/li>\n<\/ul>\n<p><span style=\"text-decoration: underline;\">Perfekte Lage &amp; nahegelegene Str\u00e4nde:<\/span><\/p>\n<p>Die Lage der Villa macht sie zu einer idealen Basis, um die authentische Sch\u00f6nheit von Korfu zu erkunden.\u200b<\/p>\n<ul>\n<li>Arillas-Strand \u2013 1 km entfernt.\u200b<\/li>\n<li>Agios Stefanos-Strand \u2013 1,9 km entfernt.\u200b<\/li>\n<li>Traditionelle Tavernen und Strandbars \u2013 Nur eine kurze Strecke entfernt.\u200b<\/li>\n<\/ul>\n<p>Wenn Sie nach einer stilvollen, komfortablen und gut gelegenen Villa f\u00fcr Ihren Urlaub suchen, ist die Arillas Villas Dinos die perfekte Wahl f\u00fcr Sie!\u200b<\/p>\n\n                <\/div>\n            <\/div>\n            <div class=\"col-12 col-lg-3 offset-lg-1\">\n                <div class=\"sidebar\">\n                    <button class=\"contactnowbtn\">\u0396\u03b7\u03c4\u03ae\u03c3\u03c4\u03b5 \u03c0\u03bb\u03b7\u03c1\u03bf\u03c6\u03bf\u03c1\u03af\u03b5\u03c2<\/button>                <\/div>\n            <\/div>\n        <\/div>\n    <\/div>\n<\/section>\n\n<section class=\"gallery\">\n\t<div class=\"container-fluid\">\n\t\t<div class=\"container-xxl\">\n\t\t\t<div class=\"row blockheading\">\n            <div class=\"col-12\">\n            <h3>\n                Villa Dinos\n            <\/h3>\n        <\/div>\n                <div class=\"col-12\">\n            <h5>\n                Fotogalerie\n            <\/h5>\n        <\/div>\n        <\/div>\t\t\t<div class=\"row\">\n\t\t\t\t\t\t\t\t\t<div class=\"col-12 col-sm-6 col-md-4 col-lg-3 sqimage\">\n\t\t\t\t\t\t<a href=\"https:\/\/arillasvillas.gr\/wp-content\/uploads\/2025\/03\/20241010_153959-1.jpg\" data-lightbox=\"images\" data-title=\"\">\n\t\t\t\t\t\t\t<img decoding=\"async\" src=\"https:\/\/arillasvillas.gr\/wp-content\/uploads\/2025\/03\/20241010_153959-1.jpg\" alt=\"\" class=\"img-thumbnail\">\n\t\t\t\t\t\t<\/a>\n\t\t\t\t\t<\/div>\n\t\t\t\t\t\t\t\t\t<div class=\"col-12 col-sm-6 col-md-4 col-lg-3 sqimage\">\n\t\t\t\t\t\t<a href=\"https:\/\/arillasvillas.gr\/wp-content\/uploads\/2025\/03\/20241010_154020-1.jpg\" data-lightbox=\"images\" data-title=\"\">\n\t\t\t\t\t\t\t<img decoding=\"async\" src=\"https:\/\/arillasvillas.gr\/wp-content\/uploads\/2025\/03\/20241010_154020-1.jpg\" alt=\"\" class=\"img-thumbnail\">\n\t\t\t\t\t\t<\/a>\n\t\t\t\t\t<\/div>\n\t\t\t\t\t\t\t\t\t<div class=\"col-12 col-sm-6 col-md-4 col-lg-3 sqimage\">\n\t\t\t\t\t\t<a href=\"https:\/\/arillasvillas.gr\/wp-content\/uploads\/2025\/03\/20241010_154143-1.jpg\" data-lightbox=\"images\" data-title=\"\">\n\t\t\t\t\t\t\t<img decoding=\"async\" src=\"https:\/\/arillasvillas.gr\/wp-content\/uploads\/2025\/03\/20241010_154143-1.jpg\" alt=\"\" class=\"img-thumbnail\">\n\t\t\t\t\t\t<\/a>\n\t\t\t\t\t<\/div>\n\t\t\t\t\t\t\t\t\t<div class=\"col-12 col-sm-6 col-md-4 col-lg-3 sqimage\">\n\t\t\t\t\t\t<a href=\"https:\/\/arillasvillas.gr\/wp-content\/uploads\/2025\/03\/20241010_154153-1.jpg\" data-lightbox=\"images\" data-title=\"\">\n\t\t\t\t\t\t\t<img decoding=\"async\" src=\"https:\/\/arillasvillas.gr\/wp-content\/uploads\/2025\/03\/20241010_154153-1.jpg\" alt=\"\" class=\"img-thumbnail\">\n\t\t\t\t\t\t<\/a>\n\t\t\t\t\t<\/div>\n\t\t\t\t\t\t\t\t\t<div class=\"col-12 col-sm-6 col-md-4 col-lg-3 sqimage\">\n\t\t\t\t\t\t<a href=\"https:\/\/arillasvillas.gr\/wp-content\/uploads\/2025\/03\/20241010_154226-1.jpg\" data-lightbox=\"images\" data-title=\"\">\n\t\t\t\t\t\t\t<img decoding=\"async\" src=\"https:\/\/arillasvillas.gr\/wp-content\/uploads\/2025\/03\/20241010_154226-1.jpg\" alt=\"\" class=\"img-thumbnail\">\n\t\t\t\t\t\t<\/a>\n\t\t\t\t\t<\/div>\n\t\t\t\t\t\t\t\t\t<div class=\"col-12 col-sm-6 col-md-4 col-lg-3 sqimage\">\n\t\t\t\t\t\t<a href=\"https:\/\/arillasvillas.gr\/wp-content\/uploads\/2025\/03\/20241010_154310-1.jpg\" data-lightbox=\"images\" data-title=\"\">\n\t\t\t\t\t\t\t<img decoding=\"async\" src=\"https:\/\/arillasvillas.gr\/wp-content\/uploads\/2025\/03\/20241010_154310-1.jpg\" alt=\"\" class=\"img-thumbnail\">\n\t\t\t\t\t\t<\/a>\n\t\t\t\t\t<\/div>\n\t\t\t\t\t\t\t\t\t<div class=\"col-12 col-sm-6 col-md-4 col-lg-3 sqimage\">\n\t\t\t\t\t\t<a href=\"https:\/\/arillasvillas.gr\/wp-content\/uploads\/2025\/03\/20241010_154441-1.jpg\" data-lightbox=\"images\" data-title=\"\">\n\t\t\t\t\t\t\t<img decoding=\"async\" src=\"https:\/\/arillasvillas.gr\/wp-content\/uploads\/2025\/03\/20241010_154441-1.jpg\" alt=\"\" class=\"img-thumbnail\">\n\t\t\t\t\t\t<\/a>\n\t\t\t\t\t<\/div>\n\t\t\t\t\t\t\t\t\t<div class=\"col-12 col-sm-6 col-md-4 col-lg-3 sqimage\">\n\t\t\t\t\t\t<a href=\"https:\/\/arillasvillas.gr\/wp-content\/uploads\/2025\/03\/20241012_105116-2.jpg\" data-lightbox=\"images\" data-title=\"\">\n\t\t\t\t\t\t\t<img decoding=\"async\" src=\"https:\/\/arillasvillas.gr\/wp-content\/uploads\/2025\/03\/20241012_105116-2.jpg\" alt=\"\" class=\"img-thumbnail\">\n\t\t\t\t\t\t<\/a>\n\t\t\t\t\t<\/div>\n\t\t\t\t\t\t\t\t\t<div class=\"col-12 col-sm-6 col-md-4 col-lg-3 sqimage\">\n\t\t\t\t\t\t<a href=\"https:\/\/arillasvillas.gr\/wp-content\/uploads\/2025\/03\/20241012_105311-2.jpg\" data-lightbox=\"images\" data-title=\"\">\n\t\t\t\t\t\t\t<img decoding=\"async\" src=\"https:\/\/arillasvillas.gr\/wp-content\/uploads\/2025\/03\/20241012_105311-2.jpg\" alt=\"\" class=\"img-thumbnail\">\n\t\t\t\t\t\t<\/a>\n\t\t\t\t\t<\/div>\n\t\t\t\t\t\t\t\t\t<div class=\"col-12 col-sm-6 col-md-4 col-lg-3 sqimage\">\n\t\t\t\t\t\t<a href=\"https:\/\/arillasvillas.gr\/wp-content\/uploads\/2025\/03\/20241031_172050-2.jpg\" data-lightbox=\"images\" data-title=\"\">\n\t\t\t\t\t\t\t<img decoding=\"async\" src=\"https:\/\/arillasvillas.gr\/wp-content\/uploads\/2025\/03\/20241031_172050-2.jpg\" alt=\"\" class=\"img-thumbnail\">\n\t\t\t\t\t\t<\/a>\n\t\t\t\t\t<\/div>\n\t\t\t\t\t\t\t\t\t<div class=\"col-12 col-sm-6 col-md-4 col-lg-3 sqimage\">\n\t\t\t\t\t\t<a href=\"https:\/\/arillasvillas.gr\/wp-content\/uploads\/2025\/03\/20241031_172214-2.jpg\" data-lightbox=\"images\" data-title=\"\">\n\t\t\t\t\t\t\t<img decoding=\"async\" src=\"https:\/\/arillasvillas.gr\/wp-content\/uploads\/2025\/03\/20241031_172214-2.jpg\" alt=\"\" class=\"img-thumbnail\">\n\t\t\t\t\t\t<\/a>\n\t\t\t\t\t<\/div>\n\t\t\t\t\t\t\t\t\t<div class=\"col-12 col-sm-6 col-md-4 col-lg-3 sqimage\">\n\t\t\t\t\t\t<a href=\"https:\/\/arillasvillas.gr\/wp-content\/uploads\/2025\/03\/20241010_151523-1.jpg\" data-lightbox=\"images\" data-title=\"\">\n\t\t\t\t\t\t\t<img decoding=\"async\" src=\"https:\/\/arillasvillas.gr\/wp-content\/uploads\/2025\/03\/20241010_151523-1.jpg\" alt=\"\" class=\"img-thumbnail\">\n\t\t\t\t\t\t<\/a>\n\t\t\t\t\t<\/div>\n\t\t\t\t\t\t\t\t\t<div class=\"col-12 col-sm-6 col-md-4 col-lg-3 sqimage\">\n\t\t\t\t\t\t<a href=\"https:\/\/arillasvillas.gr\/wp-content\/uploads\/2025\/03\/20241010_151530-1.jpg\" data-lightbox=\"images\" data-title=\"\">\n\t\t\t\t\t\t\t<img decoding=\"async\" src=\"https:\/\/arillasvillas.gr\/wp-content\/uploads\/2025\/03\/20241010_151530-1.jpg\" alt=\"\" class=\"img-thumbnail\">\n\t\t\t\t\t\t<\/a>\n\t\t\t\t\t<\/div>\n\t\t\t\t\t\t\t\t\t<div class=\"col-12 col-sm-6 col-md-4 col-lg-3 sqimage\">\n\t\t\t\t\t\t<a href=\"https:\/\/arillasvillas.gr\/wp-content\/uploads\/2025\/03\/20241010_153945-1.jpg\" data-lightbox=\"images\" data-title=\"\">\n\t\t\t\t\t\t\t<img decoding=\"async\" src=\"https:\/\/arillasvillas.gr\/wp-content\/uploads\/2025\/03\/20241010_153945-1.jpg\" alt=\"\" class=\"img-thumbnail\">\n\t\t\t\t\t\t<\/a>\n\t\t\t\t\t<\/div>\n\t\t\t\t\t\t\t\t\t<div class=\"col-12 col-sm-6 col-md-4 col-lg-3 sqimage\">\n\t\t\t\t\t\t<a href=\"https:\/\/arillasvillas.gr\/wp-content\/uploads\/2025\/03\/20241010_154058-1.jpg\" data-lightbox=\"images\" data-title=\"\">\n\t\t\t\t\t\t\t<img decoding=\"async\" src=\"https:\/\/arillasvillas.gr\/wp-content\/uploads\/2025\/03\/20241010_154058-1.jpg\" alt=\"\" class=\"img-thumbnail\">\n\t\t\t\t\t\t<\/a>\n\t\t\t\t\t<\/div>\n\t\t\t\t\t\t\t\t\t<div class=\"col-12 col-sm-6 col-md-4 col-lg-3 sqimage\">\n\t\t\t\t\t\t<a href=\"https:\/\/arillasvillas.gr\/wp-content\/uploads\/2025\/03\/20241012_104950-1.jpg\" data-lightbox=\"images\" data-title=\"\">\n\t\t\t\t\t\t\t<img decoding=\"async\" src=\"https:\/\/arillasvillas.gr\/wp-content\/uploads\/2025\/03\/20241012_104950-1.jpg\" alt=\"\" class=\"img-thumbnail\">\n\t\t\t\t\t\t<\/a>\n\t\t\t\t\t<\/div>\n\t\t\t\t\t\t\t\t\t<div class=\"col-12 col-sm-6 col-md-4 col-lg-3 sqimage\">\n\t\t\t\t\t\t<a href=\"https:\/\/arillasvillas.gr\/wp-content\/uploads\/2025\/03\/20241012_142114-1.jpg\" data-lightbox=\"images\" data-title=\"\">\n\t\t\t\t\t\t\t<img decoding=\"async\" src=\"https:\/\/arillasvillas.gr\/wp-content\/uploads\/2025\/03\/20241012_142114-1.jpg\" alt=\"\" class=\"img-thumbnail\">\n\t\t\t\t\t\t<\/a>\n\t\t\t\t\t<\/div>\n\t\t\t\t\t\t\t\t\t<div class=\"col-12 col-sm-6 col-md-4 col-lg-3 sqimage\">\n\t\t\t\t\t\t<a href=\"https:\/\/arillasvillas.gr\/wp-content\/uploads\/2025\/03\/20241010_150444-3.jpg\" data-lightbox=\"images\" data-title=\"\">\n\t\t\t\t\t\t\t<img decoding=\"async\" src=\"https:\/\/arillasvillas.gr\/wp-content\/uploads\/2025\/03\/20241010_150444-3.jpg\" alt=\"\" class=\"img-thumbnail\">\n\t\t\t\t\t\t<\/a>\n\t\t\t\t\t<\/div>\n\t\t\t\t\t\t\t\t\t<div class=\"col-12 col-sm-6 col-md-4 col-lg-3 sqimage\">\n\t\t\t\t\t\t<a href=\"https:\/\/arillasvillas.gr\/wp-content\/uploads\/2025\/03\/20241010_151400-3.jpg\" data-lightbox=\"images\" data-title=\"\">\n\t\t\t\t\t\t\t<img decoding=\"async\" src=\"https:\/\/arillasvillas.gr\/wp-content\/uploads\/2025\/03\/20241010_151400-3.jpg\" alt=\"\" class=\"img-thumbnail\">\n\t\t\t\t\t\t<\/a>\n\t\t\t\t\t<\/div>\n\t\t\t\t\t\t\t\t\t<div class=\"col-12 col-sm-6 col-md-4 col-lg-3 sqimage\">\n\t\t\t\t\t\t<a href=\"https:\/\/arillasvillas.gr\/wp-content\/uploads\/2025\/03\/20241010_151415-3.jpg\" data-lightbox=\"images\" data-title=\"\">\n\t\t\t\t\t\t\t<img decoding=\"async\" src=\"https:\/\/arillasvillas.gr\/wp-content\/uploads\/2025\/03\/20241010_151415-3.jpg\" alt=\"\" class=\"img-thumbnail\">\n\t\t\t\t\t\t<\/a>\n\t\t\t\t\t<\/div>\n\t\t\t\t\t\t\t\t\t<div class=\"col-12 col-sm-6 col-md-4 col-lg-3 sqimage\">\n\t\t\t\t\t\t<a href=\"https:\/\/arillasvillas.gr\/wp-content\/uploads\/2025\/03\/20241010_151444-3.jpg\" data-lightbox=\"images\" data-title=\"\">\n\t\t\t\t\t\t\t<img decoding=\"async\" src=\"https:\/\/arillasvillas.gr\/wp-content\/uploads\/2025\/03\/20241010_151444-3.jpg\" alt=\"\" class=\"img-thumbnail\">\n\t\t\t\t\t\t<\/a>\n\t\t\t\t\t<\/div>\n\t\t\t\t\t\t\t\t\t<div class=\"col-12 col-sm-6 col-md-4 col-lg-3 sqimage\">\n\t\t\t\t\t\t<a href=\"https:\/\/arillasvillas.gr\/wp-content\/uploads\/2025\/03\/20241010_151457-3.jpg\" data-lightbox=\"images\" data-title=\"\">\n\t\t\t\t\t\t\t<img decoding=\"async\" src=\"https:\/\/arillasvillas.gr\/wp-content\/uploads\/2025\/03\/20241010_151457-3.jpg\" alt=\"\" class=\"img-thumbnail\">\n\t\t\t\t\t\t<\/a>\n\t\t\t\t\t<\/div>\n\t\t\t\t\t\t\t\t\t<div class=\"col-12 col-sm-6 col-md-4 col-lg-3 sqimage\">\n\t\t\t\t\t\t<a href=\"https:\/\/arillasvillas.gr\/wp-content\/uploads\/2025\/03\/20241010_150236-3.jpg\" data-lightbox=\"images\" data-title=\"\">\n\t\t\t\t\t\t\t<img decoding=\"async\" src=\"https:\/\/arillasvillas.gr\/wp-content\/uploads\/2025\/03\/20241010_150236-3.jpg\" alt=\"\" class=\"img-thumbnail\">\n\t\t\t\t\t\t<\/a>\n\t\t\t\t\t<\/div>\n\t\t\t\t\t\t\t\t\t<div class=\"col-12 col-sm-6 col-md-4 col-lg-3 sqimage\">\n\t\t\t\t\t\t<a href=\"https:\/\/arillasvillas.gr\/wp-content\/uploads\/2025\/03\/20241010_150334-3.jpg\" data-lightbox=\"images\" data-title=\"\">\n\t\t\t\t\t\t\t<img decoding=\"async\" src=\"https:\/\/arillasvillas.gr\/wp-content\/uploads\/2025\/03\/20241010_150334-3.jpg\" alt=\"\" class=\"img-thumbnail\">\n\t\t\t\t\t\t<\/a>\n\t\t\t\t\t<\/div>\n\t\t\t\t\t\t\t\t\t<div class=\"col-12 col-sm-6 col-md-4 col-lg-3 sqimage\">\n\t\t\t\t\t\t<a href=\"https:\/\/arillasvillas.gr\/wp-content\/uploads\/2025\/03\/20241010_151303-3.jpg\" data-lightbox=\"images\" data-title=\"\">\n\t\t\t\t\t\t\t<img decoding=\"async\" src=\"https:\/\/arillasvillas.gr\/wp-content\/uploads\/2025\/03\/20241010_151303-3.jpg\" alt=\"\" class=\"img-thumbnail\">\n\t\t\t\t\t\t<\/a>\n\t\t\t\t\t<\/div>\n\t\t\t\t\t\t\t\t\t<div class=\"col-12 col-sm-6 col-md-4 col-lg-3 sqimage\">\n\t\t\t\t\t\t<a href=\"https:\/\/arillasvillas.gr\/wp-content\/uploads\/2025\/03\/20241010_151330-3.jpg\" data-lightbox=\"images\" data-title=\"\">\n\t\t\t\t\t\t\t<img decoding=\"async\" src=\"https:\/\/arillasvillas.gr\/wp-content\/uploads\/2025\/03\/20241010_151330-3.jpg\" alt=\"\" class=\"img-thumbnail\">\n\t\t\t\t\t\t<\/a>\n\t\t\t\t\t<\/div>\n\t\t\t\t\t\t\t\t\t<div class=\"col-12 col-sm-6 col-md-4 col-lg-3 sqimage\">\n\t\t\t\t\t\t<a href=\"https:\/\/arillasvillas.gr\/wp-content\/uploads\/2025\/03\/20241010_151342-3.jpg\" data-lightbox=\"images\" data-title=\"\">\n\t\t\t\t\t\t\t<img decoding=\"async\" src=\"https:\/\/arillasvillas.gr\/wp-content\/uploads\/2025\/03\/20241010_151342-3.jpg\" alt=\"\" class=\"img-thumbnail\">\n\t\t\t\t\t\t<\/a>\n\t\t\t\t\t<\/div>\n\t\t\t\t\t\t\t<\/div>\n\t\t<\/div>\n\t<\/div>\n<\/section>\n","protected":false},"excerpt":{"rendered":"","protected":false},"author":1,"featured_media":0,"parent":0,"menu_order":0,"comment_status":"closed","ping_status":"closed","template":"","meta":{"_acf_changed":false,"footnotes":""},"class_list":["post-544","page","type-page","status-publish","hentry"],"acf":[],"_links":{"self":[{"href":"https:\/\/arillasvillas.gr\/de\/wp-json\/wp\/v2\/pages\/544","targetHints":{"allow":["GET"]}}],"collection":[{"href":"https:\/\/arillasvillas.gr\/de\/wp-json\/wp\/v2\/pages"}],"about":[{"href":"https:\/\/arillasvillas.gr\/de\/wp-json\/wp\/v2\/types\/page"}],"author":[{"embeddable":true,"href":"https:\/\/arillasvillas.gr\/de\/wp-json\/wp\/v2\/users\/1"}],"replies":[{"embeddable":true,"href":"https:\/\/arillasvillas.gr\/de\/wp-json\/wp\/v2\/comments?post=544"}],"version-history":[{"count":1,"href":"https:\/\/arillasvillas.gr\/de\/wp-json\/wp\/v2\/pages\/544\/revisions"}],"predecessor-version":[{"id":546,"href":"https:\/\/arillasvillas.gr\/de\/wp-json\/wp\/v2\/pages\/544\/revisions\/546"}],"wp:attachment":[{"href":"https:\/\/arillasvillas.gr\/de\/wp-json\/wp\/v2\/media?parent=544"}],"curies":[{"name":"wp","href":"https:\/\/api.w.org\/{rel}","templated":true}]}}